{"id":3183,"date":"2025-10-04T14:06:12","date_gmt":"2025-10-04T12:06:12","guid":{"rendered":"http:\/\/217.254.18.219\/wordpress\/?page_id=3183"},"modified":"2025-12-01T20:28:23","modified_gmt":"2025-12-01T18:28:23","slug":"werde-mitglied-bei-der-soli-bischberg","status":"publish","type":"page","link":"https:\/\/www.soli-bischberg.de\/?page_id=3183","title":{"rendered":"Werde Mitglied bei der Soli Bischberg"},"content":{"rendered":"\n<p class=\"has-text-align-center has-vivid-red-color has-white-background-color has-text-color has-background has-link-color has-x-large-font-size wp-elements-3e0c8c081920e11cbdf96926be4a55cf\"><strong>Du hast <\/strong><strong>Interesse an Radball <\/strong><strong>und m\u00f6chtest dich informieren oder durchstarten?<\/strong><\/p>\n\n\n\n<p>Wir zeigen dir in unseren Trainings die Grundlagen des Spiels und den Umgang mit dem speziellen Rad.<\/p>\n\n\n\n<p>Das Training beginnt in der Regel mit Fahr- und Brems\u00fcbungen, um die Kontrolle \u00fcber das Rad zu verbessern. Danach folgen Stand\u00fcbungen und der erste Kontakt mit dem Ball. Verschiedene \u00dcbungen helfen dabei, die Radbeherrschung und das Spiel mit dem Ball zu vertiefen Es ist auch hilfreich, sich YouTube Videos anzusehen, um ein besseres Verst\u00e4ndnis f\u00fcr die Techniken und Strategien des Spiels zu bekommen. Auf der rechten Seite haben wir dir einen Link f\u00fcr einen gutne Einstieg platziert.<\/p>\n\n\n\n<p>Wenn du motiviert bist und regelm\u00e4\u00dfig trainierst, wirst du schnell Fortschritte machen und die Faszination des Radballs erleben k\u00f6nnen. Viel Spa\u00df beim Training! \ud83d\udeb4\u200d\u2642\ufe0f\u26bd<\/p>\n\n\n\n<p class=\"has-text-align-center has-black-color has-luminous-vivid-amber-to-luminous-vivid-orange-gradient-background has-text-color has-background has-link-color has-medium-font-size wp-elements-e5a61c3745d75c98137cc6af01d72817\">Unsere Trainings f\u00fcr Kinder und Jugendliche finden immer <br><strong>Dienstags und Donnerstags <\/strong><br><strong>von 17 &#8211; 19 Uhr <\/strong>statt. <br>Komme einfach vorbei f\u00fcr ein Schnuppern. <br>Unsere Trainer freuen sich auf euren Besuch. <br><br>Zuschauer sind aber auch immer gerne Willkommen!<\/p>\n\n\n\n<p class=\"has-light-green-cyan-background-color has-background\">oder schreib uns eine E-Mail:\u00a0<a href=\"mailto:Sportleitung@Soli-Bischberg.de?subject=Anfrage%20zum%20Sportbetrieb&amp;body=Hallo%20liebe%20Sportleitung%20der%20Solidarit\u00e4t%20Bischberg,%0A%0A\">Sportleitung@Soli-Bischberg.de<\/a><\/p>\n\n\n\n<p><\/p>\n","protected":false},"excerpt":{"rendered":"<p>Du hast Interesse an Radball und m\u00f6chtest dich informieren oder durchstarten? Wir zeigen dir in&#8230;<\/p>\n","protected":false},"author":1,"featured_media":0,"parent":0,"menu_order":0,"comment_status":"closed","ping_status":"closed","template":"","meta":{"footnotes":""},"class_list":["post-3183","page","type-page","status-publish","hentry"],"_links":{"self":[{"href":"https:\/\/www.soli-bischberg.de\/index.php?rest_route=\/wp\/v2\/pages\/3183","targetHints":{"allow":["GET"]}}],"collection":[{"href":"https:\/\/www.soli-bischberg.de\/index.php?rest_route=\/wp\/v2\/pages"}],"about":[{"href":"https:\/\/www.soli-bischberg.de\/index.php?rest_route=\/wp\/v2\/types\/page"}],"author":[{"embeddable":true,"href":"https:\/\/www.soli-bischberg.de\/index.php?rest_route=\/wp\/v2\/users\/1"}],"replies":[{"embeddable":true,"href":"https:\/\/www.soli-bischberg.de\/index.php?rest_route=%2Fwp%2Fv2%2Fcomments&post=3183"}],"version-history":[{"count":3,"href":"https:\/\/www.soli-bischberg.de\/index.php?rest_route=\/wp\/v2\/pages\/3183\/revisions"}],"predecessor-version":[{"id":3933,"href":"https:\/\/www.soli-bischberg.de\/index.php?rest_route=\/wp\/v2\/pages\/3183\/revisions\/3933"}],"wp:attachment":[{"href":"https:\/\/www.soli-bischberg.de\/index.php?rest_route=%2Fwp%2Fv2%2Fmedia&parent=3183"}],"curies":[{"name":"wp","href":"https:\/\/api.w.org\/{rel}","templated":true}]}}