{"id":3059,"date":"2025-10-01T19:55:05","date_gmt":"2025-10-01T17:55:05","guid":{"rendered":"http:\/\/localhost\/wordpress\/?page_id=3059"},"modified":"2025-10-01T19:55:05","modified_gmt":"2025-10-01T17:55:05","slug":"radball-wissen","status":"publish","type":"page","link":"https:\/\/www.soli-bischberg.de\/?page_id=3059","title":{"rendered":"Radball Wissen"},"content":{"rendered":"\n<figure class=\"wp-block-image size-full is-style-rounded\"><img loading=\"lazy\" decoding=\"async\" width=\"1440\" height=\"810\" src=\"http:\/\/217.254.18.219\/wordpress\/wp-content\/uploads\/2025\/10\/Wissen.jpg\" alt=\"\" class=\"wp-image-3175\" srcset=\"https:\/\/www.soli-bischberg.de\/Soli_2025_Website\/wp-content\/uploads\/2025\/10\/Wissen.jpg 1440w, https:\/\/www.soli-bischberg.de\/Soli_2025_Website\/wp-content\/uploads\/2025\/10\/Wissen-300x169.jpg 300w, https:\/\/www.soli-bischberg.de\/Soli_2025_Website\/wp-content\/uploads\/2025\/10\/Wissen-1024x576.jpg 1024w, https:\/\/www.soli-bischberg.de\/Soli_2025_Website\/wp-content\/uploads\/2025\/10\/Wissen-768x432.jpg 768w\" sizes=\"auto, (max-width: 1440px) 100vw, 1440px\" \/><\/figure>\n\n\n\n<div class=\"wp-block-group has-background is-vertical is-layout-flex wp-container-core-group-is-layout-fe9cc265 wp-block-group-is-layout-flex\" style=\"background:linear-gradient(135deg,rgb(130,240,221) 0%,rgb(200,184,184) 100%)\">\n<p class=\"has-text-align-center has-large-font-size\">\ud83d\udeb4\u200d\u2642\ufe0f <strong>Willkommen in der Welt des Radballs!<\/strong> <\/p>\n\n\n\n<p class=\"has-text-align-center\">Entdecke die faszinierende Kombination aus Technik, Teamgeist und Tempo \u2013 Radball ist mehr als nur ein Sport, es ist ein Spektakel auf zwei R\u00e4dern. Hier erf\u00e4hrst du alles \u00fcber Regeln, Geschichte und spannende Wettk\u00e4mpfe. Steig ein und lass dich begeistern!<\/p>\n\n\n\n<p><\/p>\n<\/div>\n\n\n<ul class=\"wp-elements-c77a47e763c69337e80318c94c718bd2 wp-block-page-list has-medium-font-size\"><li class=\"wp-block-pages-list__item\"><a class=\"wp-block-pages-list__item__link\" href=\"https:\/\/www.soli-bischberg.de\/?page_id=2950\">Ablauf eines typischen Radballspiels<\/a><\/li><li class=\"wp-block-pages-list__item\"><a class=\"wp-block-pages-list__item__link\" href=\"https:\/\/www.soli-bischberg.de\/?page_id=2896\">Das Teamspiel bei Radball \u2013 Zusammenspiel auf engen Raum<\/a><\/li><li class=\"wp-block-pages-list__item\"><a class=\"wp-block-pages-list__item__link\" href=\"https:\/\/www.soli-bischberg.de\/?page_id=2974\">Nischensport mit Tradition<\/a><\/li><li class=\"wp-block-pages-list__item\"><a class=\"wp-block-pages-list__item__link\" href=\"https:\/\/www.soli-bischberg.de\/?page_id=2881\">Warum wird Gleichgewicht und K\u00f6rperbeherrschung so besonders trainiert?<\/a><\/li><li class=\"wp-block-pages-list__item\"><a class=\"wp-block-pages-list__item__link\" href=\"https:\/\/www.soli-bischberg.de\/?page_id=2861\">Was ist das besondere an Radball?<\/a><\/li><li class=\"wp-block-pages-list__item\"><a class=\"wp-block-pages-list__item__link\" href=\"https:\/\/www.soli-bischberg.de\/?page_id=2968\">Was solltest du mitbringen um erfolgreich in diesem Sport zu sein?<\/a><\/li><\/ul>\n\n\n<p><\/p>\n","protected":false},"excerpt":{"rendered":"<p>\ud83d\udeb4\u200d\u2642\ufe0f Willkommen in der Welt des Radballs! Entdecke die faszinierende Kombination aus Technik, Teamgeist und&#8230;<\/p>\n","protected":false},"author":1,"featured_media":0,"parent":0,"menu_order":0,"comment_status":"closed","ping_status":"closed","template":"","meta":{"footnotes":""},"class_list":["post-3059","page","type-page","status-publish","hentry"],"_links":{"self":[{"href":"https:\/\/www.soli-bischberg.de\/index.php?rest_route=\/wp\/v2\/pages\/3059","targetHints":{"allow":["GET"]}}],"collection":[{"href":"https:\/\/www.soli-bischberg.de\/index.php?rest_route=\/wp\/v2\/pages"}],"about":[{"href":"https:\/\/www.soli-bischberg.de\/index.php?rest_route=\/wp\/v2\/types\/page"}],"author":[{"embeddable":true,"href":"https:\/\/www.soli-bischberg.de\/index.php?rest_route=\/wp\/v2\/users\/1"}],"replies":[{"embeddable":true,"href":"https:\/\/www.soli-bischberg.de\/index.php?rest_route=%2Fwp%2Fv2%2Fcomments&post=3059"}],"version-history":[{"count":0,"href":"https:\/\/www.soli-bischberg.de\/index.php?rest_route=\/wp\/v2\/pages\/3059\/revisions"}],"wp:attachment":[{"href":"https:\/\/www.soli-bischberg.de\/index.php?rest_route=%2Fwp%2Fv2%2Fmedia&parent=3059"}],"curies":[{"name":"wp","href":"https:\/\/api.w.org\/{rel}","templated":true}]}}