{"id":2963,"date":"2025-09-29T12:38:24","date_gmt":"2025-09-29T10:38:24","guid":{"rendered":"http:\/\/www.soli-bischberg.de\/?page_id=2963"},"modified":"2025-12-04T12:50:13","modified_gmt":"2025-12-04T10:50:13","slug":"eine-kurze-einfuehrung-in-die-sportart-radball","status":"publish","type":"page","link":"https:\/\/www.soli-bischberg.de\/?page_id=2963","title":{"rendered":"Eine kurze Einf\u00fchrung in die Sportart Radball"},"content":{"rendered":"\n<h2 class=\"wp-block-heading\"><\/h2>\n\n\n\n<h2 class=\"wp-block-heading has-text-align-center has-pale-ocean-gradient-background has-background\"><strong><u>Radball ist eine faszinierende Sportart mit einigen interessanten <\/u><u>Regeln<\/u><u>:<\/u><\/strong><\/h2>\n\n\n\n<p>&nbsp;<\/p>\n\n\n\n<h3 class=\"wp-block-heading has-medium-font-size\">Spieler und Spielfeld :<\/h3>\n\n\n\n<ul class=\"wp-block-list\">\n<li>Beim 2er-Radball treten zwei Mannschaften mit jeweils zwei Spielern gegeneinander an. Das Spielfeld ist <br><strong><span style=\"color: #0000ff;\">14 Meter lang und 11 Meter breit <\/span><\/strong>und von einer 30 cm hohen Schr\u00e4gbande eingefasst<\/li>\n<\/ul>\n\n\n\n<figure class=\"wp-block-image aligncenter size-full\"><img loading=\"lazy\" decoding=\"async\" width=\"277\" height=\"466\" src=\"http:\/\/217.254.18.219\/wordpress\/wp-content\/uploads\/2025\/07\/Spielfeld.jpg\" alt=\"\" class=\"wp-image-2834\" srcset=\"https:\/\/www.soli-bischberg.de\/Soli_2025_Website\/wp-content\/uploads\/2025\/07\/Spielfeld.jpg 277w, https:\/\/www.soli-bischberg.de\/Soli_2025_Website\/wp-content\/uploads\/2025\/07\/Spielfeld-178x300.jpg 178w\" sizes=\"auto, (max-width: 277px) 100vw, 277px\" \/><\/figure>\n\n\n\n<p><\/p>\n\n\n\n<h3 class=\"wp-block-heading has-medium-font-size\">Spielzeit:<\/h3>\n\n\n\n<ul class=\"wp-block-list\">\n<li>Ein Spiel besteht aus <strong><span style=\"color: #0000ff;\">zwei Halbzeiten von jeweils f\u00fcnf bzw. sieben Minuten.<\/span><\/strong> Zwischen den Halbzeiten gibt es eine Pause von maximal zwei Minuten.<\/li>\n<\/ul>\n\n\n\n<h3 class=\"wp-block-heading has-medium-font-size\">Ball und Fahrr\u00e4der:<\/h3>\n\n\n\n<ul class=\"wp-block-list\">\n<li><strong><span style=\"color: #0000ff;\">Der Ball wiegt etwa 600 Gramm<\/span><\/strong> und wird haupts\u00e4chlich mit dem Rad gespielt. Der etwa 600 Gramm Ball besteht im Kern aus gepresstem Tierhaaren, meist&nbsp;Rosshaar&nbsp;und springt daher fast nicht. Er ist mit hellem Stoff \u00fcberzogen und tr\u00e4gt aufgen\u00e4ht drei breite textile Bandagen, meridional \u00fcber Kreuz. Im Spiel erreicht er <strong><span style=\"color: #0000ff;\">bis zu 90&nbsp;km\/h<\/span>.<\/strong> Die Fahrr\u00e4der sind speziell f\u00fcr den Radball konstruiert und haben keine Bremsen.<\/li>\n<\/ul>\n\n\n\n<h3 class=\"wp-block-heading has-medium-font-size\">Spielablauf:<\/h3>\n\n\n\n<ul class=\"wp-block-list\">\n<li>Die H\u00e4nde m\u00fcssen immer am Lenker und die F\u00fc\u00dfe immer auf den Pedalen sein.<span style=\"color: #0000ff;\"><strong>Ein Spieler darf den Ball nur mit dem Rad spielen.<\/strong><\/span> Wenn ein Spieler den Boden mit dem Fu\u00df ber\u00fchrt, ist er nicht mehr spielberechtigt, bis er sich wieder in eine spielberechtigte Position bringt<\/li>\n<\/ul>\n\n\n\n<h3 class=\"wp-block-heading has-medium-font-size\">Strafst\u00f6\u00dfe und Freist\u00f6\u00dfe:<\/h3>\n\n\n\n<ul class=\"wp-block-list\">\n<li>Wenn ein Spieler im Strafraum <span style=\"color: #0000ff;\"><strong>den Ball mit den H\u00e4nden abwehrt oder ein Foul begeht<\/strong><\/span>, wird dies mit einem Freisto\u00df geahndet. Es gibt auch 4-Meter, wenn schwerwiegendere Verst\u00f6\u00dfe vorliegen<\/li>\n\n\n\n<li>Tore und Torh\u00fcter: <span style=\"color: #0000ff;\"><strong>Jede Mannschaft hat einen Torwart und einen Feldspieler.<\/strong><\/span> Der Torwart darf auch im Feld spielen und umgekehrt<\/li>\n<\/ul>\n\n\n\n<p class=\"has-medium-font-size\"><u>Wenn du noch mehr wissen m\u00f6chtest, lass es uns wissen!<\/u><\/p>\n\n\n\n<p>Radball ist nicht nur ein Sport, sondern <span style=\"color: #ff6600;\"><strong>ein aufregendes Abenteuer auf zwei R\u00e4dern<\/strong><\/span>! Stell dir vor, du kombinierst die Geschwindigkeit und Geschicklichkeit des Radfahrens mit der Strategie und dem Teamgeist des Fu\u00dfballs. Es ist ein Spiel, das deine Reflexe sch\u00e4rft, deine Ausdauer st\u00e4rkt und dir ein unglaubliches Gef\u00fchl der Erf\u00fcllung gibt, wenn du den Ball ins Tor schie\u00dft.<\/p>\n\n\n\n<p>Radball bietet dir die M\u00f6glichkeit, Teil einer leidenschaftlichen Gemeinschaft zu werden, neue Freundschaften zu schlie\u00dfen und deine sportlichen F\u00e4higkeiten auf ein neues Level zu heben. Es ist die perfekte Mischung aus Spa\u00df, Herausforderung und Teamarbeit. Probier es aus und erlebe die Faszination des Radballs selbst!<\/p>\n\n\n\n<p><b>Bist du bereit, dich der Herausforderung zu stellen und das Spielfeld zu erobern?<\/b><\/p>\n\n\n\n<p class=\"has-vivid-red-color has-text-color has-link-color has-large-font-size wp-elements-f435b623ce3a8b0488631c61fd8fa7a5\"><a href=\"http:\/\/217.254.18.219\/wordpress\/?page_id=3183\"> <\/a><a href=\"https:\/\/www.soli-bischberg.de\/?page_id=3183\">Werde Mitglied bei der Soli Bischberg<\/a>!<\/p>\n\n\n\n<p><\/p>\n","protected":false},"excerpt":{"rendered":"<p>Radball ist eine faszinierende Sportart mit einigen interessanten Regeln: &nbsp; Spieler und Spielfeld : Spielzeit:&#8230;<\/p>\n","protected":false},"author":1,"featured_media":0,"parent":3212,"menu_order":0,"comment_status":"closed","ping_status":"closed","template":"","meta":{"footnotes":""},"class_list":["post-2963","page","type-page","status-publish","hentry"],"_links":{"self":[{"href":"https:\/\/www.soli-bischberg.de\/index.php?rest_route=\/wp\/v2\/pages\/2963","targetHints":{"allow":["GET"]}}],"collection":[{"href":"https:\/\/www.soli-bischberg.de\/index.php?rest_route=\/wp\/v2\/pages"}],"about":[{"href":"https:\/\/www.soli-bischberg.de\/index.php?rest_route=\/wp\/v2\/types\/page"}],"author":[{"embeddable":true,"href":"https:\/\/www.soli-bischberg.de\/index.php?rest_route=\/wp\/v2\/users\/1"}],"replies":[{"embeddable":true,"href":"https:\/\/www.soli-bischberg.de\/index.php?rest_route=%2Fwp%2Fv2%2Fcomments&post=2963"}],"version-history":[{"count":3,"href":"https:\/\/www.soli-bischberg.de\/index.php?rest_route=\/wp\/v2\/pages\/2963\/revisions"}],"predecessor-version":[{"id":3964,"href":"https:\/\/www.soli-bischberg.de\/index.php?rest_route=\/wp\/v2\/pages\/2963\/revisions\/3964"}],"up":[{"embeddable":true,"href":"https:\/\/www.soli-bischberg.de\/index.php?rest_route=\/wp\/v2\/pages\/3212"}],"wp:attachment":[{"href":"https:\/\/www.soli-bischberg.de\/index.php?rest_route=%2Fwp%2Fv2%2Fmedia&parent=2963"}],"curies":[{"name":"wp","href":"https:\/\/api.w.org\/{rel}","templated":true}]}}