{"id":1631,"date":"2016-03-07T10:44:56","date_gmt":"2016-03-07T09:44:56","guid":{"rendered":"http:\/\/www.soli-bischberg.de\/soli2015website\/?page_id=1631"},"modified":"2025-10-10T17:17:15","modified_gmt":"2025-10-10T15:17:15","slug":"aktuelles","status":"publish","type":"page","link":"https:\/\/www.soli-bischberg.de\/?page_id=1631","title":{"rendered":"Aktuelles"},"content":{"rendered":"<ul class=\"wp-block-latest-posts__list is-grid columns-3 has-dates wp-block-latest-posts has-medium-font-size\"><li><div class=\"wp-block-latest-posts__featured-image aligncenter\"><img loading=\"lazy\" decoding=\"async\" width=\"150\" height=\"150\" src=\"https:\/\/www.soli-bischberg.de\/Soli_2025_Website\/wp-content\/uploads\/2026\/04\/IMG-20260313-WA0003-150x150.jpg\" class=\"attachment-thumbnail size-thumbnail wp-post-image\" alt=\"\" style=\"max-width:113px;max-height:113px;\" \/><\/div><a class=\"wp-block-latest-posts__post-title\" href=\"https:\/\/www.soli-bischberg.de\/?p=4077\">Samstag 18. April &#8211; 15 Uhr &#8211; 4. Spieltag Bezirksliga Elite<\/a><time datetime=\"2026-04-17T11:48:57+02:00\" class=\"wp-block-latest-posts__post-date\">April 17, 2026<\/time><div class=\"wp-block-latest-posts__post-excerpt\"><\/div><\/li>\n<li><div class=\"wp-block-latest-posts__featured-image aligncenter\"><img loading=\"lazy\" decoding=\"async\" width=\"150\" height=\"150\" src=\"https:\/\/www.soli-bischberg.de\/Soli_2025_Website\/wp-content\/uploads\/2026\/02\/Fruehlingsbasar-2026-150x150.jpg\" class=\"attachment-thumbnail size-thumbnail wp-post-image\" alt=\"\" style=\"max-width:113px;max-height:113px;\" \/><\/div><a class=\"wp-block-latest-posts__post-title\" href=\"https:\/\/www.soli-bischberg.de\/?p=4037\">Fr\u00fchlingsbasar 2026<\/a><time datetime=\"2026-02-26T18:44:32+02:00\" class=\"wp-block-latest-posts__post-date\">Februar 26, 2026<\/time><div class=\"wp-block-latest-posts__post-excerpt\">Aufbau ab 13:00 Uhr&nbsp; Tische sind vorhanden. Neben dem Tisch ist noch Platz f\u00fcr einen&#8230;<\/div><\/li>\n<li><div class=\"wp-block-latest-posts__featured-image aligncenter\"><img loading=\"lazy\" decoding=\"async\" width=\"150\" height=\"150\" src=\"https:\/\/www.soli-bischberg.de\/Soli_2025_Website\/wp-content\/uploads\/2026\/02\/image-150x150.jpg\" class=\"attachment-thumbnail size-thumbnail wp-post-image\" alt=\"\" style=\"max-width:113px;max-height:113px;\" \/><\/div><a class=\"wp-block-latest-posts__post-title\" href=\"https:\/\/www.soli-bischberg.de\/?p=4028\">Samstag 28. Februar &#8211; 14 Uhr &#8211; Spieltag Oberfr\u00e4nkische Meisterschaft U15\/U17 in Bischberg !!!<\/a><time datetime=\"2026-02-25T19:35:32+02:00\" class=\"wp-block-latest-posts__post-date\">Februar 25, 2026<\/time><div class=\"wp-block-latest-posts__post-excerpt\"><\/div><\/li>\n<li><div class=\"wp-block-latest-posts__featured-image aligncenter\"><img loading=\"lazy\" decoding=\"async\" width=\"150\" height=\"150\" src=\"https:\/\/www.soli-bischberg.de\/Soli_2025_Website\/wp-content\/uploads\/2026\/02\/Paartalhalle-150x150.jpg\" class=\"attachment-thumbnail size-thumbnail wp-post-image\" alt=\"\" style=\"max-width:113px;max-height:113px;\" \/><\/div><a class=\"wp-block-latest-posts__post-title\" href=\"https:\/\/www.soli-bischberg.de\/?p=4017\">Bayrische Meisterschaft in Kissing<\/a><time datetime=\"2026-02-02T14:16:32+02:00\" class=\"wp-block-latest-posts__post-date\">Februar 2, 2026<\/time><div class=\"wp-block-latest-posts__post-excerpt\">Die U13 und U17 waren direkt dabei.Die U15 hat sich gestern in Stein qualifiziert. Somit&#8230;<\/div><\/li>\n<li><div class=\"wp-block-latest-posts__featured-image aligncenter\"><img loading=\"lazy\" decoding=\"async\" width=\"150\" height=\"150\" src=\"https:\/\/www.soli-bischberg.de\/Soli_2025_Website\/wp-content\/uploads\/2025\/10\/images-150x150.jpeg\" class=\"attachment-thumbnail size-thumbnail wp-post-image\" alt=\"\" style=\"max-width:113px;max-height:113px;\" \/><\/div><a class=\"wp-block-latest-posts__post-title\" href=\"https:\/\/www.soli-bischberg.de\/?p=4003\">Spieltag der Bayernliga Nord U13\/U15 in Kulmbach<\/a><time datetime=\"2026-01-19T21:44:09+02:00\" class=\"wp-block-latest-posts__post-date\">Januar 19, 2026<\/time><div class=\"wp-block-latest-posts__post-excerpt\">Ein spannender und ereignisreicher letzter Spieltag der Bayernliga liegt hinter den Nachwuchsmannschaften der Soli Bischberg&#8230;.<\/div><\/li>\n<li><div class=\"wp-block-latest-posts__featured-image aligncenter\"><img loading=\"lazy\" decoding=\"async\" width=\"150\" height=\"150\" src=\"https:\/\/www.soli-bischberg.de\/Soli_2025_Website\/wp-content\/uploads\/2025\/12\/IMG-20251204-WA0003-150x150.jpg\" class=\"attachment-thumbnail size-thumbnail wp-post-image\" alt=\"\" style=\"max-width:113px;max-height:113px;\" \/><\/div><a class=\"wp-block-latest-posts__post-title\" href=\"https:\/\/www.soli-bischberg.de\/?p=3941\">Einladung Schafkopfrennen 2. Januar 2026<\/a><time datetime=\"2025-12-04T09:35:30+02:00\" class=\"wp-block-latest-posts__post-date\">Dezember 4, 2025<\/time><div class=\"wp-block-latest-posts__post-excerpt\"><\/div><\/li>\n<li><div class=\"wp-block-latest-posts__featured-image aligncenter\"><img loading=\"lazy\" decoding=\"async\" width=\"150\" height=\"150\" src=\"https:\/\/www.soli-bischberg.de\/Soli_2025_Website\/wp-content\/uploads\/2025\/10\/Weihnachtsbauml-150x150.jpg\" class=\"attachment-thumbnail size-thumbnail wp-post-image\" alt=\"\" style=\"max-width:113px;max-height:113px;\" \/><\/div><a class=\"wp-block-latest-posts__post-title\" href=\"https:\/\/www.soli-bischberg.de\/?p=3924\">Sch\u00f6n war die Weihnachtsfeier<\/a><time datetime=\"2025-12-01T19:35:43+02:00\" class=\"wp-block-latest-posts__post-date\">Dezember 1, 2025<\/time><div class=\"wp-block-latest-posts__post-excerpt\">Vielen Dank den Organisatoren, den vielen Helfern, unserem Vorstand, Ehreng\u00e4sten und allen die da waren&#8230;.<\/div><\/li>\n<li><div class=\"wp-block-latest-posts__featured-image aligncenter\"><img loading=\"lazy\" decoding=\"async\" width=\"150\" height=\"150\" src=\"https:\/\/www.soli-bischberg.de\/Soli_2025_Website\/wp-content\/uploads\/2025\/11\/2025_11_23-150x150.jpg\" class=\"attachment-thumbnail size-thumbnail wp-post-image\" alt=\"\" style=\"max-width:113px;max-height:113px;\" \/><\/div><a class=\"wp-block-latest-posts__post-title\" href=\"https:\/\/www.soli-bischberg.de\/?p=3905\">Landesligaspiel in Bischberg 23.11.2025<\/a><time datetime=\"2025-11-17T09:41:57+02:00\" class=\"wp-block-latest-posts__post-date\">November 17, 2025<\/time><div class=\"wp-block-latest-posts__post-excerpt\"><\/div><\/li>\n<li><div class=\"wp-block-latest-posts__featured-image aligncenter\"><img loading=\"lazy\" decoding=\"async\" width=\"150\" height=\"150\" src=\"https:\/\/www.soli-bischberg.de\/Soli_2025_Website\/wp-content\/uploads\/2025\/11\/2025_11_22-150x150.jpg\" class=\"attachment-thumbnail size-thumbnail wp-post-image\" alt=\"\" style=\"max-width:113px;max-height:113px;\" \/><\/div><a class=\"wp-block-latest-posts__post-title\" href=\"https:\/\/www.soli-bischberg.de\/?p=3902\">Bezirksliga Spiel in Bischberg 22.11.2025<\/a><time datetime=\"2025-11-17T09:39:34+02:00\" class=\"wp-block-latest-posts__post-date\">November 17, 2025<\/time><div class=\"wp-block-latest-posts__post-excerpt\"><\/div><\/li>\n<li><div class=\"wp-block-latest-posts__featured-image aligncenter\"><img loading=\"lazy\" decoding=\"async\" width=\"150\" height=\"150\" src=\"https:\/\/www.soli-bischberg.de\/Soli_2025_Website\/wp-content\/uploads\/2025\/10\/Weihnachtsbaum2-150x150.jpeg\" class=\"attachment-thumbnail size-thumbnail wp-post-image\" alt=\"\" style=\"max-width:113px;max-height:113px;\" \/><\/div><a class=\"wp-block-latest-posts__post-title\" href=\"https:\/\/www.soli-bischberg.de\/?p=3862\">Einladung Soli Weihnachtsfeier 2025<\/a><time datetime=\"2025-10-31T09:45:32+02:00\" class=\"wp-block-latest-posts__post-date\">Oktober 31, 2025<\/time><div class=\"wp-block-latest-posts__post-excerpt\">Hier klicken f\u00fcr eine direkte R\u00fcckmeldung an die genannten Kontakte!!!<\/div><\/li>\n<li><div class=\"wp-block-latest-posts__featured-image aligncenter\"><img loading=\"lazy\" decoding=\"async\" width=\"150\" height=\"150\" src=\"https:\/\/www.soli-bischberg.de\/Soli_2025_Website\/wp-content\/uploads\/2025\/09\/Kirchweih-2025-150x150.jpg\" class=\"attachment-thumbnail size-thumbnail wp-post-image\" alt=\"\" style=\"max-width:113px;max-height:113px;\" \/><\/div><a class=\"wp-block-latest-posts__post-title\" href=\"https:\/\/www.soli-bischberg.de\/?p=3782\">Bischberger Kirchweih 2025<\/a><time datetime=\"2025-09-08T18:33:00+02:00\" class=\"wp-block-latest-posts__post-date\">September 8, 2025<\/time><div class=\"wp-block-latest-posts__post-excerpt\">Auf tatkr\u00e4ftige Unterst\u00fctzung seitens der Soli, konnte sich die OKR Vorstandschaft auch in diesem Jahr&#8230;<\/div><\/li>\n<li><a class=\"wp-block-latest-posts__post-title\" href=\"https:\/\/www.soli-bischberg.de\/?p=2839\">Starke Leistungen beim letzten Spieltag der U15 &#038; U17 Oberfranken Saison 2024\/2025<\/a><time datetime=\"2025-07-12T18:16:51+02:00\" class=\"wp-block-latest-posts__post-date\">Juli 12, 2025<\/time><div class=\"wp-block-latest-posts__post-excerpt\">Am letzten Spieltag der Oberfrankenrunde zeigten sowohl unsere U15 als auch die U17 beeindruckende Leistungen.Die&#8230;<\/div><\/li>\n<li><div class=\"wp-block-latest-posts__featured-image aligncenter\"><img loading=\"lazy\" decoding=\"async\" width=\"150\" height=\"150\" src=\"https:\/\/www.soli-bischberg.de\/Soli_2025_Website\/wp-content\/uploads\/2025\/07\/TVO-Halbzeit-bei-Soli-Bischberg-Juli-2025-150x150.jpg\" class=\"attachment-thumbnail size-thumbnail wp-post-image\" alt=\"\" style=\"max-width:113px;max-height:113px;\" \/><\/div><a class=\"wp-block-latest-posts__post-title\" href=\"https:\/\/www.soli-bischberg.de\/?p=2848\">Unser Verein im Fernsehen &#8211; halbzeit: Radball bei der Soli Bischberg<\/a><time datetime=\"2025-07-10T20:51:36+02:00\" class=\"wp-block-latest-posts__post-date\">Juli 10, 2025<\/time><div class=\"wp-block-latest-posts__post-excerpt\">Anfang Juli war das Fernsehen bei uns Die Reporterin und ihr Kameramann haben uns beim&#8230;<\/div><\/li>\n<li><div class=\"wp-block-latest-posts__featured-image aligncenter\"><img loading=\"lazy\" decoding=\"async\" width=\"150\" height=\"150\" src=\"https:\/\/www.soli-bischberg.de\/Soli_2025_Website\/wp-content\/uploads\/2025\/06\/100-Jahre-Logo-150x150.jpg\" class=\"attachment-thumbnail size-thumbnail wp-post-image\" alt=\"\" style=\"max-width:113px;max-height:113px;\" \/><\/div><a class=\"wp-block-latest-posts__post-title\" href=\"https:\/\/www.soli-bischberg.de\/?p=3011\">100 Jahre Soli Bischberg &#8211; Einladung<\/a><time datetime=\"2025-06-30T21:39:53+02:00\" class=\"wp-block-latest-posts__post-date\">Juni 30, 2025<\/time><div class=\"wp-block-latest-posts__post-excerpt\">Hiermit d\u00fcrfen noch einmal alle Ehrenmitglieder, Mitglieder, Freunde und G\u00f6nner, sowie die Gesamtbev\u00f6lkerung der Gemeinde&#8230;<\/div><\/li>\n<li><div class=\"wp-block-latest-posts__featured-image aligncenter\"><img loading=\"lazy\" decoding=\"async\" width=\"150\" height=\"150\" src=\"https:\/\/www.soli-bischberg.de\/Soli_2025_Website\/wp-content\/uploads\/2025\/06\/100-Jahre-Logo-150x150.jpg\" class=\"attachment-thumbnail size-thumbnail wp-post-image\" alt=\"\" style=\"max-width:113px;max-height:113px;\" \/><\/div><a class=\"wp-block-latest-posts__post-title\" href=\"https:\/\/www.soli-bischberg.de\/?p=3306\">Traditionsverein mit \u00fcber 100 Jahren schl\u00e4gt neue Seite im Buch auf<\/a><time datetime=\"2025-06-10T19:37:00+02:00\" class=\"wp-block-latest-posts__post-date\">Juni 10, 2025<\/time><div class=\"wp-block-latest-posts__post-excerpt\">Unser Verein wurde am 10. Juni 1925 gegr\u00fcndet. Nach nunmehr 100 Jahren blickt die Soli&#8230;<\/div><\/li>\n<li><div class=\"wp-block-latest-posts__featured-image aligncenter\"><img loading=\"lazy\" decoding=\"async\" width=\"150\" height=\"150\" src=\"https:\/\/www.soli-bischberg.de\/Soli_2025_Website\/wp-content\/uploads\/2025\/10\/Radball-gruen-150x150.jpg\" class=\"attachment-thumbnail size-thumbnail wp-post-image\" alt=\"\" style=\"max-width:113px;max-height:113px;\" \/><\/div><a class=\"wp-block-latest-posts__post-title\" href=\"https:\/\/www.soli-bischberg.de\/?p=3008\">Oberfr\u00e4nkische Meisterschaft im Radball Altersklasse U11 in Gaustadt<\/a><time datetime=\"2025-05-10T21:36:44+02:00\" class=\"wp-block-latest-posts__post-date\">Mai 10, 2025<\/time><div class=\"wp-block-latest-posts__post-excerpt\">Unsere j\u00fcngsten Sportler, Forian Trempa und Lukas Lindemann, mussten zum letzten Spieltag nach Gaustadt fahren&#8230;.<\/div><\/li>\n<li><div class=\"wp-block-latest-posts__featured-image aligncenter\"><img loading=\"lazy\" decoding=\"async\" width=\"150\" height=\"150\" src=\"https:\/\/www.soli-bischberg.de\/Soli_2025_Website\/wp-content\/uploads\/2015\/11\/LL_24102015_Burgk_053-150x150.jpg\" class=\"attachment-thumbnail size-thumbnail wp-post-image\" alt=\"\" style=\"max-width:113px;max-height:113px;\" \/><\/div><a class=\"wp-block-latest-posts__post-title\" href=\"https:\/\/www.soli-bischberg.de\/?p=3003\">In Bischberg fanden am Wochenende Spiele in der Bezirksliga und Landesliga Nord statt<\/a><time datetime=\"2025-02-09T21:30:24+02:00\" class=\"wp-block-latest-posts__post-date\">Februar 9, 2025<\/time><div class=\"wp-block-latest-posts__post-excerpt\">Die Zuschauer bekamen spannende Spiele zu sehen. In der Bezirksliga starteten Lenny Frank und Ben&#8230;<\/div><\/li>\n<li><div class=\"wp-block-latest-posts__featured-image aligncenter\"><img loading=\"lazy\" decoding=\"async\" width=\"150\" height=\"150\" src=\"https:\/\/www.soli-bischberg.de\/Soli_2025_Website\/wp-content\/uploads\/2025\/10\/Radball-blau-150x150.jpg\" class=\"attachment-thumbnail size-thumbnail wp-post-image\" alt=\"\" style=\"max-width:113px;max-height:113px;\" \/><\/div><a class=\"wp-block-latest-posts__post-title\" href=\"https:\/\/www.soli-bischberg.de\/?p=2996\">Platz 4 f\u00fcr unsere U15 Mannschaft<\/a><time datetime=\"2025-01-19T21:21:58+02:00\" class=\"wp-block-latest-posts__post-date\">Januar 19, 2025<\/time><div class=\"wp-block-latest-posts__post-excerpt\">Reges Interesse\u00a0 zeigten die zahlreichen Zuschauer in der Bischberger Radsporthalle beim Spieltag von Pascal Hohner&#8230;<\/div><\/li>\n<li><div class=\"wp-block-latest-posts__featured-image aligncenter\"><img loading=\"lazy\" decoding=\"async\" width=\"150\" height=\"150\" src=\"https:\/\/www.soli-bischberg.de\/Soli_2025_Website\/wp-content\/uploads\/2025\/09\/Radball-roter-Ball-2-150x150.jpg\" class=\"attachment-thumbnail size-thumbnail wp-post-image\" alt=\"\" style=\"max-width:113px;max-height:113px;\" \/><\/div><a class=\"wp-block-latest-posts__post-title\" href=\"https:\/\/www.soli-bischberg.de\/?p=3000\">Erfolgreicher Spieltag der U11 in Gaustadt<\/a><time datetime=\"2025-01-12T21:25:04+02:00\" class=\"wp-block-latest-posts__post-date\">Januar 12, 2025<\/time><div class=\"wp-block-latest-posts__post-excerpt\">In der Gaustadter Schulturnhalle wurde der zweite Spieltag unserer J\u00fcngsten, Florian Trempa und Lukas Lindemann,&#8230;<\/div><\/li>\n<li><a class=\"wp-block-latest-posts__post-title\" href=\"https:\/\/www.soli-bischberg.de\/?p=2987\">Viertelfinale zur Deutschen Meisterschaft Bischbergs U 17 \u2013 Ben Hofst\u00e4tter und Lenny Frank-ausgeschieden<\/a><time datetime=\"2024-04-20T21:05:24+02:00\" class=\"wp-block-latest-posts__post-date\">April 20, 2024<\/time><div class=\"wp-block-latest-posts__post-excerpt\">In Worms wurde das Viertelfinale zur Deutschen Meisterschaft ausgetragen. Bischberg erreichte gegen Alpirsbach lediglich ein&#8230;<\/div><\/li>\n<li><a class=\"wp-block-latest-posts__post-title\" href=\"https:\/\/www.soli-bischberg.de\/?p=2992\">Spieltag in der Bischberger Radsporthalle mit unseren Mannschaften: U11 und U15\/U17<\/a><time datetime=\"2024-01-26T21:18:10+02:00\" class=\"wp-block-latest-posts__post-date\">Januar 26, 2024<\/time><div class=\"wp-block-latest-posts__post-excerpt\">Oberfranken Liga mit &#8211; Lukas Lindemann\/Florian Trempa, &#8211; Pascal Hohner\/Jonas Winkler,Jayden Klug und &#8211; Leo&#8230;<\/div><\/li>\n<li><a class=\"wp-block-latest-posts__post-title\" href=\"https:\/\/www.soli-bischberg.de\/?p=2989\">Zahlreiche Zuschauer brauchten ihr Kommen nicht zu bereuen und sahen spannende Spiele.<\/a><time datetime=\"2024-01-13T21:13:55+02:00\" class=\"wp-block-latest-posts__post-date\">Januar 13, 2024<\/time><div class=\"wp-block-latest-posts__post-excerpt\">Landesligaspieltag in Bischberg Der 5. Spieltag wurde in der Bischberger Radsporthalle ausgetragen. Bischberg, mit Daniel&#8230;<\/div><\/li>\n<li><a class=\"wp-block-latest-posts__post-title\" href=\"https:\/\/www.soli-bischberg.de\/?p=3014\">6. Spieltag der Bezirksliga<\/a><time datetime=\"2023-03-13T21:44:06+02:00\" class=\"wp-block-latest-posts__post-date\">M\u00e4rz 13, 2023<\/time><div class=\"wp-block-latest-posts__post-excerpt\">Dieser Spieltag wurde in Erlangen ausgetragen. Bischberg 2 mit Kilian Schmitt und Andreas Loch konnte&#8230;<\/div><\/li>\n<\/ul>","protected":false},"excerpt":{"rendered":"","protected":false},"author":1,"featured_media":0,"parent":0,"menu_order":0,"comment_status":"closed","ping_status":"closed","template":"","meta":{"footnotes":""},"class_list":["post-1631","page","type-page","status-publish","hentry"],"_links":{"self":[{"href":"https:\/\/www.soli-bischberg.de\/index.php?rest_route=\/wp\/v2\/pages\/1631","targetHints":{"allow":["GET"]}}],"collection":[{"href":"https:\/\/www.soli-bischberg.de\/index.php?rest_route=\/wp\/v2\/pages"}],"about":[{"href":"https:\/\/www.soli-bischberg.de\/index.php?rest_route=\/wp\/v2\/types\/page"}],"author":[{"embeddable":true,"href":"https:\/\/www.soli-bischberg.de\/index.php?rest_route=\/wp\/v2\/users\/1"}],"replies":[{"embeddable":true,"href":"https:\/\/www.soli-bischberg.de\/index.php?rest_route=%2Fwp%2Fv2%2Fcomments&post=1631"}],"version-history":[{"count":3,"href":"https:\/\/www.soli-bischberg.de\/index.php?rest_route=\/wp\/v2\/pages\/1631\/revisions"}],"predecessor-version":[{"id":3610,"href":"https:\/\/www.soli-bischberg.de\/index.php?rest_route=\/wp\/v2\/pages\/1631\/revisions\/3610"}],"wp:attachment":[{"href":"https:\/\/www.soli-bischberg.de\/index.php?rest_route=%2Fwp%2Fv2%2Fmedia&parent=1631"}],"curies":[{"name":"wp","href":"https:\/\/api.w.org\/{rel}","templated":true}]}}