{"id":1459,"date":"2015-11-19T11:36:40","date_gmt":"2015-11-19T10:36:40","guid":{"rendered":"http:\/\/www.soli-bischberg.de\/soli2015website\/?page_id=1459"},"modified":"2025-12-08T10:59:39","modified_gmt":"2025-12-08T08:59:39","slug":"links","status":"publish","type":"page","link":"https:\/\/www.soli-bischberg.de\/?page_id=1459","title":{"rendered":"Links"},"content":{"rendered":"\n<h3 class=\"wp-block-heading ueber3\"><strong>Alle aktuellen Radball-Ergebnisse:<\/strong><\/h3>\n\n\n\n<p class=\"ueber3\"><a href=\"http:\/\/www.radball.at\" data-type=\"link\" data-id=\"www.radball.at\">www.radball.at<\/a><\/p>\n\n\n\n<p><br><br><\/p>\n\n\n\n<h3 class=\"wp-block-heading\">Soli Bischberg im Fernsehen (TVO &#8211; halbzeit: Radball bei der Soli Bischberg)<\/h3>\n\n\n\n<p><a href=\"https:\/\/www.tvo.de\/mediathek\/video\/halbzeit-radball-bei-der-soli-bischberg\">https:\/\/www.tvo.de\/mediathek\/video\/halbzeit-radball-bei-der-soli-bischberg<\/a><\/p>\n\n\n\n<p>&nbsp;<br><br><\/p>\n\n\n\n<p><\/p>\n\n\n\n<h3 class=\"wp-block-heading\">Score Board f\u00fcr Sportveranstaltungen<\/h3>\n\n\n\n<p><a href=\"https:\/\/scorecount.com\/?mm=5&amp;show=19714&amp;stt=101111550112011&amp;pd=5&amp;colors=ccffff-0000ff-F70000-000000\">https:\/\/scorecount.com\/?mm=5&amp;show=19714&amp;stt=101111550112011&amp;pd=5&amp;colors=ccffff-0000ff-F70000-000000<\/a><\/p>\n\n\n\n<p><br><br><br><\/p>\n\n\n\n<h3 class=\"wp-block-heading ueber3\">Deutsche Meisterschaft im 6er Rasenradball Bischberg 2013<\/h3>\n\n\n\n<figure class=\"wp-block-embed is-type-video is-provider-youtube wp-block-embed-youtube wp-embed-aspect-16-9 wp-has-aspect-ratio\"><div class=\"wp-block-embed__wrapper\">\n<iframe loading=\"lazy\" title=\"Deutsche Meisterschaft im 6er Rasenradball Bischberg 2013\" width=\"640\" height=\"360\" src=\"https:\/\/www.youtube.com\/embed\/rJFjD6oXwLQ?feature=oembed\" frameborder=\"0\" allow=\"accelerometer; autoplay; clipboard-write; encrypted-media; gyroscope; picture-in-picture; web-share\" referrerpolicy=\"strict-origin-when-cross-origin\" allowfullscreen><\/iframe>\n<\/div><\/figure>\n\n\n\n<p>&nbsp;<\/p>\n\n\n\n<h3 class=\"wp-block-heading\">Deutsche Meisterschaft im 6er Rasenradball (3.\/4. August 2013) &#8211; 1000 Jahre Bischberg<\/h3>\n\n\n\n<figure class=\"wp-block-embed is-type-video is-provider-youtube wp-block-embed-youtube wp-embed-aspect-16-9 wp-has-aspect-ratio\"><div class=\"wp-block-embed__wrapper\">\n<iframe loading=\"lazy\" title=\"Deutsche Meisterschaft im 6er Rasenradball (3.\/4. August 2013) - 1000 Jahre Bischberg\" width=\"640\" height=\"360\" src=\"https:\/\/www.youtube.com\/embed\/NJ1XpE8cv5U?feature=oembed\" frameborder=\"0\" allow=\"accelerometer; autoplay; clipboard-write; encrypted-media; gyroscope; picture-in-picture; web-share\" referrerpolicy=\"strict-origin-when-cross-origin\" allowfullscreen><\/iframe>\n<\/div><\/figure>\n\n\n\n<p>&nbsp;<\/p>\n\n\n\n<h2 class=\"wp-block-heading\">Unsere Spielpartner:<\/h2>\n\n\n\n<ul class=\"wp-block-list\">\n<li><a href=\"https:\/\/www.ats-kulmbach.de\/abteilungen\/radball\/\">https:\/\/www.ats-kulmbach.de\/abteilungen\/radball\/<\/a><\/li>\n\n\n\n<li><a href=\"https:\/\/tsv-hof.de\/Abteilungen\/Radball\/\">https:\/\/tsv-hof.de\/Abteilungen\/Radball\/<\/a><\/li>\n\n\n\n<li><a href=\"https:\/\/rmcstein.com\/\">https:\/\/rmcstein.com\/<\/a><\/li>\n\n\n\n<li><a href=\"https:\/\/hallenradball.jimdofree.com\/\">https:\/\/hallenradball.jimdofree.com\/<\/a> (Soli Eisenb\u00fchl)<\/li>\n\n\n\n<li><a href=\"https:\/\/www.facebook.com\/p\/RKB-Solidarit%C3%A4t-Bamberg-Gaustadt-Radball-100057602823312\/?locale=de_DE\">https:\/\/www.facebook.com\/p\/RKB-Solidarit%C3%A4t-Bamberg-Gaustadt-Radball-100057602823312\/?locale=de_DE<\/a> (Soli Gaustadt)<\/li>\n\n\n\n<li><a href=\"https:\/\/www.rsv-kissing.de\/\">https:\/\/www.rsv-kissing.de\/<\/a><\/li>\n\n\n\n<li><a href=\"https:\/\/rvmoemlingen.de\/\">https:\/\/rvmoemlingen.de\/<\/a><\/li>\n<\/ul>\n\n\n\n<p><\/p>\n\n\n\n<p><\/p>\n\n\n\n<p><\/p>\n\n\n\n<p><\/p>\n\n\n\n<p><\/p>\n\n\n\n<p>Wir betonen ausdr\u00fccklich, dass wir keinerlei Einfluss auf die Gestaltung und die Inhalte der gelinkten Seiten haben. Deshalb distanzieren wir uns hiermit ausdr\u00fccklich von allen Inhalten aller gelinkten Seiten auf unserer Homepage. Die Solidarit\u00e4t Bischberg e.V. \u00fcbernimmt keine Verantwortung f\u00fcr die Art, wie die hier zur Verf\u00fcgung gestellten Informationen genutzt werden.<br><br><br><br><\/p>\n\n\n\n<p class=\"has-small-font-size\"><a href=\"https:\/\/www.soli-bischberg.de\/?page_id=3973\" data-type=\"page\" data-id=\"3973\">Link auf weitere interne Dokumente (nur f\u00fcr Mitglieder gedacht)<\/a><\/p>\n\n\n\n<p><\/p>\n","protected":false},"excerpt":{"rendered":"<p>Alle aktuellen Radball-Ergebnisse: www.radball.at Soli Bischberg im Fernsehen (TVO &#8211; halbzeit: Radball bei der Soli&#8230;<\/p>\n","protected":false},"author":1,"featured_media":0,"parent":0,"menu_order":0,"comment_status":"open","ping_status":"open","template":"","meta":{"footnotes":""},"class_list":["post-1459","page","type-page","status-publish","hentry"],"_links":{"self":[{"href":"https:\/\/www.soli-bischberg.de\/index.php?rest_route=\/wp\/v2\/pages\/1459","targetHints":{"allow":["GET"]}}],"collection":[{"href":"https:\/\/www.soli-bischberg.de\/index.php?rest_route=\/wp\/v2\/pages"}],"about":[{"href":"https:\/\/www.soli-bischberg.de\/index.php?rest_route=\/wp\/v2\/types\/page"}],"author":[{"embeddable":true,"href":"https:\/\/www.soli-bischberg.de\/index.php?rest_route=\/wp\/v2\/users\/1"}],"replies":[{"embeddable":true,"href":"https:\/\/www.soli-bischberg.de\/index.php?rest_route=%2Fwp%2Fv2%2Fcomments&post=1459"}],"version-history":[{"count":5,"href":"https:\/\/www.soli-bischberg.de\/index.php?rest_route=\/wp\/v2\/pages\/1459\/revisions"}],"predecessor-version":[{"id":3978,"href":"https:\/\/www.soli-bischberg.de\/index.php?rest_route=\/wp\/v2\/pages\/1459\/revisions\/3978"}],"wp:attachment":[{"href":"https:\/\/www.soli-bischberg.de\/index.php?rest_route=%2Fwp%2Fv2%2Fmedia&parent=1459"}],"curies":[{"name":"wp","href":"https:\/\/api.w.org\/{rel}","templated":true}]}}