{"id":1449,"date":"2015-11-19T11:23:00","date_gmt":"2015-11-19T10:23:00","guid":{"rendered":"http:\/\/www.soli-bischberg.de\/soli2015website\/?page_id=1449"},"modified":"2026-02-09T22:11:58","modified_gmt":"2026-02-09T20:11:58","slug":"gaststaette","status":"publish","type":"page","link":"https:\/\/www.soli-bischberg.de\/?page_id=1449","title":{"rendered":"Saal und Vereinsheim"},"content":{"rendered":"<div class=\"n2_clear\"><ss3-force-full-width data-overflow-x=\"body\" data-horizontal-selector=\"body\"><div class=\"n2-section-smartslider fitvidsignore  n2_clear\" data-ssid=\"2\"><div id=\"n2-ss-2-align\" class=\"n2-ss-align\"><div class=\"n2-padding\"><div id=\"n2-ss-2\" data-creator=\"Smart Slider 3\" data-responsive=\"fullwidth\" class=\"n2-ss-slider n2-ow n2-has-hover n2notransition  \">\n\n\n\n<div class=\"n2-ss-slider-wrapper-inside\">\n        <div class=\"n2-ss-slider-1 n2_ss__touch_element n2-ow\">\n            <div class=\"n2-ss-slider-2 n2-ow\">\n                                                <div class=\"n2-ss-slider-3 n2-ow\">\n\n                    <div class=\"n2-ss-slide-backgrounds n2-ow-all\"><div class=\"n2-ss-slide-background\" data-public-id=\"1\" data-mode=\"fill\"><div class=\"n2-ss-slide-background-image\" data-blur=\"0\" data-opacity=\"100\" data-x=\"50\" data-y=\"50\" data-alt=\"\" data-title=\"\"><picture class=\"skip-lazy\" data-skip-lazy=\"1\"><img decoding=\"async\" src=\"\/\/www.soli-bischberg.de\/Soli_2025_Website\/wp-content\/uploads\/2025\/10\/IMG-20251025-WA0003.jpg\" alt=\"\" title=\"\" loading=\"lazy\" class=\"skip-lazy\" data-skip-lazy=\"1\"><\/picture><\/div><div data-color=\"RGBA(255,255,255,0)\" style=\"background-color: RGBA(255,255,255,0);\" class=\"n2-ss-slide-background-color\"><\/div><\/div><div class=\"n2-ss-slide-background\" data-public-id=\"2\" data-mode=\"fill\" aria-hidden=\"true\"><div class=\"n2-ss-slide-background-image\" data-blur=\"0\" data-opacity=\"100\" data-x=\"50\" data-y=\"50\" data-alt=\"\" data-title=\"\"><picture class=\"skip-lazy\" data-skip-lazy=\"1\"><img decoding=\"async\" src=\"\/\/www.soli-bischberg.de\/Soli_2025_Website\/wp-content\/uploads\/2025\/10\/IMG-20251025-WA0002.jpg\" alt=\"\" title=\"\" loading=\"lazy\" class=\"skip-lazy\" data-skip-lazy=\"1\"><\/picture><\/div><div data-color=\"RGBA(255,255,255,0)\" style=\"background-color: RGBA(255,255,255,0);\" class=\"n2-ss-slide-background-color\"><\/div><\/div><div class=\"n2-ss-slide-background\" data-public-id=\"3\" data-mode=\"fill\" aria-hidden=\"true\"><div class=\"n2-ss-slide-background-image\" data-blur=\"0\" data-opacity=\"100\" data-x=\"50\" data-y=\"50\" data-alt=\"\" data-title=\"\"><picture class=\"skip-lazy\" data-skip-lazy=\"1\"><img decoding=\"async\" src=\"\/\/www.soli-bischberg.de\/Soli_2025_Website\/wp-content\/uploads\/2025\/10\/IMG-20251025-WA0001.jpg\" alt=\"\" title=\"\" loading=\"lazy\" class=\"skip-lazy\" data-skip-lazy=\"1\"><\/picture><\/div><div data-color=\"RGBA(255,255,255,0)\" style=\"background-color: RGBA(255,255,255,0);\" class=\"n2-ss-slide-background-color\"><\/div><\/div><div class=\"n2-ss-slide-background\" data-public-id=\"4\" data-mode=\"fill\" aria-hidden=\"true\"><div class=\"n2-ss-slide-background-image\" data-blur=\"0\" data-opacity=\"100\" data-x=\"50\" data-y=\"50\" data-alt=\"\" data-title=\"\"><picture class=\"skip-lazy\" data-skip-lazy=\"1\"><img decoding=\"async\" src=\"\/\/www.soli-bischberg.de\/Soli_2025_Website\/wp-content\/uploads\/2025\/10\/Soli-Halle-2-scaled.jpg\" alt=\"\" title=\"\" loading=\"lazy\" class=\"skip-lazy\" data-skip-lazy=\"1\"><\/picture><\/div><div data-color=\"RGBA(255,255,255,0)\" style=\"background-color: RGBA(255,255,255,0);\" class=\"n2-ss-slide-background-color\"><\/div><\/div><div class=\"n2-ss-slide-background\" data-public-id=\"5\" data-mode=\"fill\" aria-hidden=\"true\"><div class=\"n2-ss-slide-background-image\" data-blur=\"0\" data-opacity=\"100\" data-x=\"50\" data-y=\"50\" data-alt=\"\" data-title=\"\"><picture class=\"skip-lazy\" data-skip-lazy=\"1\"><img decoding=\"async\" src=\"\/\/www.soli-bischberg.de\/Soli_2025_Website\/wp-content\/uploads\/2025\/10\/IMG-20251023-WA0001.jpg\" alt=\"\" title=\"\" loading=\"lazy\" class=\"skip-lazy\" data-skip-lazy=\"1\"><\/picture><\/div><div data-color=\"RGBA(255,255,255,0)\" style=\"background-color: RGBA(255,255,255,0);\" class=\"n2-ss-slide-background-color\"><\/div><\/div><div class=\"n2-ss-slide-background\" data-public-id=\"6\" data-mode=\"fill\" aria-hidden=\"true\"><div class=\"n2-ss-slide-background-image\" data-blur=\"0\" data-opacity=\"100\" data-x=\"50\" data-y=\"50\" data-alt=\"\" data-title=\"\"><picture class=\"skip-lazy\" data-skip-lazy=\"1\"><img decoding=\"async\" src=\"\/\/www.soli-bischberg.de\/Soli_2025_Website\/wp-content\/uploads\/2025\/10\/IMG-20251025-WA0000.jpg\" alt=\"\" title=\"\" loading=\"lazy\" class=\"skip-lazy\" data-skip-lazy=\"1\"><\/picture><\/div><div data-color=\"RGBA(255,255,255,0)\" style=\"background-color: RGBA(255,255,255,0);\" class=\"n2-ss-slide-background-color\"><\/div><\/div><\/div>                    <div class=\"n2-ss-slider-4 n2-ow\">\n                        <svg xmlns=\"http:\/\/www.w3.org\/2000\/svg\" viewBox=\"0 0 1200 600\" data-related-device=\"desktopPortrait\" class=\"n2-ow n2-ss-preserve-size n2-ss-preserve-size--slider n2-ss-slide-limiter\"><\/svg><div data-first=\"1\" data-slide-duration=\"0\" data-id=\"3\" data-slide-public-id=\"1\" data-title=\"IMG-20251025-WA0003\" class=\"n2-ss-slide n2-ow  n2-ss-slide-3\"><div role=\"note\" class=\"n2-ss-slide--focus\" tabindex=\"-1\">IMG-20251025-WA0003<\/div><div class=\"n2-ss-layers-container n2-ss-slide-limiter n2-ow\"><div class=\"n2-ss-layer n2-ow n-uc-Dka3LNO6gWSt\" data-sstype=\"slide\" data-pm=\"default\"><\/div><\/div><\/div><div data-slide-duration=\"0\" data-id=\"5\" data-slide-public-id=\"2\" aria-hidden=\"true\" data-title=\"IMG-20251025-WA0002\" class=\"n2-ss-slide n2-ow  n2-ss-slide-5\"><div role=\"note\" class=\"n2-ss-slide--focus\" tabindex=\"-1\">IMG-20251025-WA0002<\/div><div class=\"n2-ss-layers-container n2-ss-slide-limiter n2-ow\"><div class=\"n2-ss-layer n2-ow n-uc-W1Ey5uz4cVsg\" data-sstype=\"slide\" data-pm=\"default\"><\/div><\/div><\/div><div data-slide-duration=\"0\" data-id=\"6\" data-slide-public-id=\"3\" aria-hidden=\"true\" data-title=\"IMG-20251025-WA0001\" class=\"n2-ss-slide n2-ow  n2-ss-slide-6\"><div role=\"note\" class=\"n2-ss-slide--focus\" tabindex=\"-1\">IMG-20251025-WA0001<\/div><div class=\"n2-ss-layers-container n2-ss-slide-limiter n2-ow\"><div class=\"n2-ss-layer n2-ow n-uc-NUN0T3acyVML\" data-sstype=\"slide\" data-pm=\"default\"><\/div><\/div><\/div><div data-slide-duration=\"0\" data-id=\"4\" data-slide-public-id=\"4\" aria-hidden=\"true\" data-title=\"Soli Halle 2\" class=\"n2-ss-slide n2-ow  n2-ss-slide-4\"><div role=\"note\" class=\"n2-ss-slide--focus\" tabindex=\"-1\">Soli Halle 2<\/div><div class=\"n2-ss-layers-container n2-ss-slide-limiter n2-ow\"><div class=\"n2-ss-layer n2-ow n-uc-Co2ViVth0GI5\" data-sstype=\"slide\" data-pm=\"default\"><\/div><\/div><\/div><div data-slide-duration=\"0\" data-id=\"8\" data-slide-public-id=\"5\" aria-hidden=\"true\" data-title=\"IMG-20251023-WA0001\" class=\"n2-ss-slide n2-ow  n2-ss-slide-8\"><div role=\"note\" class=\"n2-ss-slide--focus\" tabindex=\"-1\">IMG-20251023-WA0001<\/div><div class=\"n2-ss-layers-container n2-ss-slide-limiter n2-ow\"><div class=\"n2-ss-layer n2-ow n-uc-TugS15sjhG1C\" data-sstype=\"slide\" data-pm=\"default\"><\/div><\/div><\/div><div data-slide-duration=\"0\" data-id=\"7\" data-slide-public-id=\"6\" aria-hidden=\"true\" data-title=\"IMG-20251025-WA0000\" class=\"n2-ss-slide n2-ow  n2-ss-slide-7\"><div role=\"note\" class=\"n2-ss-slide--focus\" tabindex=\"-1\">IMG-20251025-WA0000<\/div><div class=\"n2-ss-layers-container n2-ss-slide-limiter n2-ow\"><div class=\"n2-ss-layer n2-ow n-uc-fSpb2uCvyM1z\" data-sstype=\"slide\" data-pm=\"default\"><\/div><\/div><\/div>                    <\/div>\n\n                                    <\/div>\n            <\/div>\n        <\/div>\n        <div class=\"n2-ss-slider-controls n2-ss-slider-controls-absolute-right-top\"><div style=\"--widget-offset:15px;\" class=\"n2-ss-widget n2-ss-widget-display-hover n2-style-9c0f6e0bf65acaafca7edefc205243ab-heading nextend-autoplay n2-ow-all nextend-autoplay-image\" role=\"button\" aria-label=\"Play autoplay\" data-pause-label=\"Pause autoplay\" data-play-label=\"Play autoplay\" tabindex=\"0\"><img loading=\"lazy\" decoding=\"async\" width=\"16\" height=\"16\" class=\"nextend-autoplay-play skip-lazy\" data-skip-lazy=\"1\" src=\"data:image\/svg+xml;base64,PHN2ZyB3aWR0aD0iMTYiIGhlaWdodD0iMTYiIHZpZXdCb3g9IjAgMCAxNiAxNiIgeG1sbnM9Imh0dHA6Ly93d3cudzMub3JnLzIwMDAvc3ZnIj4KICAgIDxwYXRoIGQ9Ik0xMS41OCA3LjAzTDUuMzAyIDIuMTY1QzUuMTY1IDIuMDU3IDUuMDE2IDIgNC44NTcgMiA0LjM4NCAyIDQgMi41MDQgNCAzLjEyNXY5Ljc1YzAgLjYyLjM4NCAxLjEyNS44NTcgMS4xMjUuMTYgMCAuMzA4LS4wNTcuNDM2LS4xNTZMMTEuNTggOC45N2MuMjUtLjE5OC40Mi0uNTU4LjQyLS45NyAwLS40MTItLjE3LS43NzMtLjQyLS45N3oiCiAgICAgICAgICBmaWxsPSIjZmZmZmZmIiBvcGFjaXR5PSIwLjgiIGZpbGwtcnVsZT0iZXZlbm9kZCIvPgo8L3N2Zz4=\" alt=\"Play\"><img loading=\"lazy\" decoding=\"async\" width=\"16\" height=\"16\" class=\"nextend-autoplay-pause skip-lazy\" data-skip-lazy=\"1\" src=\"data:image\/svg+xml;base64,PHN2ZyB3aWR0aD0iMTYiIGhlaWdodD0iMTYiIHZpZXdCb3g9IjAgMCAxNiAxNiIgeG1sbnM9Imh0dHA6Ly93d3cudzMub3JnLzIwMDAvc3ZnIj4KICAgIDxwYXRoIGQ9Ik00IDJ2MTJoM1YySDR6bTUgMHYxMmgzVjJIOXoiIGZpbGw9IiNmZmZmZmYiIG9wYWNpdHk9IjAuOCIgZmlsbC1ydWxlPSJldmVub2RkIi8+Cjwvc3ZnPg==\" alt=\"Pause\"><\/div><\/div><div class=\"n2-ss-slider-controls n2-ss-slider-controls-absolute-left-center\"><div style=\"--widget-offset:15px;\" class=\"n2-ss-widget nextend-arrow n2-ow-all nextend-arrow-previous  nextend-arrow-animated-fade\" data-hide-mobileportrait=\"1\" id=\"n2-ss-2-arrow-previous\" role=\"button\" aria-label=\"previous arrow\" tabindex=\"0\"><img loading=\"lazy\" decoding=\"async\" width=\"32\" height=\"32\" class=\"skip-lazy\" data-skip-lazy=\"1\" src=\"data:image\/svg+xml;base64,PHN2ZyB3aWR0aD0iMzIiIGhlaWdodD0iMzIiIHZpZXdCb3g9IjAgMCAzMiAzMiIgeG1sbnM9Imh0dHA6Ly93d3cudzMub3JnLzIwMDAvc3ZnIj4KICAgIDxwYXRoIGQ9Ik0xMS40MzMgMTUuOTkyTDIyLjY5IDUuNzEyYy4zOTMtLjM5LjM5My0xLjAzIDAtMS40Mi0uMzkzLS4zOS0xLjAzLS4zOS0xLjQyMyAwbC0xMS45OCAxMC45NGMtLjIxLjIxLS4zLjQ5LS4yODUuNzYtLjAxNS4yOC4wNzUuNTYuMjg0Ljc3bDExLjk4IDEwLjk0Yy4zOTMuMzkgMS4wMy4zOSAxLjQyNCAwIC4zOTMtLjQuMzkzLTEuMDMgMC0xLjQybC0xMS4yNTctMTAuMjkiCiAgICAgICAgICBmaWxsPSIjZmZmZmZmIiBvcGFjaXR5PSIwLjgiIGZpbGwtcnVsZT0iZXZlbm9kZCIvPgo8L3N2Zz4=\" alt=\"previous arrow\"><\/div><\/div><div class=\"n2-ss-slider-controls n2-ss-slider-controls-absolute-right-center\"><div style=\"--widget-offset:15px;\" class=\"n2-ss-widget nextend-arrow n2-ow-all nextend-arrow-next  nextend-arrow-animated-fade\" data-hide-mobileportrait=\"1\" id=\"n2-ss-2-arrow-next\" role=\"button\" aria-label=\"next arrow\" tabindex=\"0\"><img loading=\"lazy\" decoding=\"async\" width=\"32\" height=\"32\" class=\"skip-lazy\" data-skip-lazy=\"1\" src=\"data:image\/svg+xml;base64,PHN2ZyB3aWR0aD0iMzIiIGhlaWdodD0iMzIiIHZpZXdCb3g9IjAgMCAzMiAzMiIgeG1sbnM9Imh0dHA6Ly93d3cudzMub3JnLzIwMDAvc3ZnIj4KICAgIDxwYXRoIGQ9Ik0xMC43MjIgNC4yOTNjLS4zOTQtLjM5LTEuMDMyLS4zOS0xLjQyNyAwLS4zOTMuMzktLjM5MyAxLjAzIDAgMS40MmwxMS4yODMgMTAuMjgtMTEuMjgzIDEwLjI5Yy0uMzkzLjM5LS4zOTMgMS4wMiAwIDEuNDIuMzk1LjM5IDEuMDMzLjM5IDEuNDI3IDBsMTIuMDA3LTEwLjk0Yy4yMS0uMjEuMy0uNDkuMjg0LS43Ny4wMTQtLjI3LS4wNzYtLjU1LS4yODYtLjc2TDEwLjcyIDQuMjkzeiIKICAgICAgICAgIGZpbGw9IiNmZmZmZmYiIG9wYWNpdHk9IjAuOCIgZmlsbC1ydWxlPSJldmVub2RkIi8+Cjwvc3ZnPg==\" alt=\"next arrow\"><\/div><\/div><\/div><\/div><ss3-loader><\/ss3-loader><\/div><\/div><div class=\"n2_clear\"><\/div><\/div><\/ss3-force-full-width><\/div>\n\n\n<h1 class=\"wp-block-heading\"><\/h1>\n\n\n\n<p>Die Solidarit\u00e4t Bischberg nennt ein Anwesen mit Gastwirtschaft und dazugeh\u00f6rigem Saal mit B\u00fchne ihr Eigentum. <\/p>\n\n\n\n<p>Es besteht eine Kapazit\u00e4t von etwa 250 Sitzpl\u00e4tzen im Saal bzw. 50 in der Gastwirtschaft. Diese l\u00e4sst sich je nach Bedarf in einen oder zwei R\u00e4ume separieren. Die komplette Infrastruktur und jahrzehntelange Erfahrung in der erfolgreichen Durchf\u00fchrung von Veranstaltungen in obiger Gr\u00f6\u00dfenordnung sind in unserem Hause vorhanden.<\/p>\n\n\n\n<h3 class=\"wp-block-heading\">Seit vielen Jahren werden in unserem Hause Veranstaltungen aller Art erfolgreich durchgef\u00fchrt:<\/h3>\n\n\n\n<ul class=\"wp-block-list\">\n<li>Familienfeiern wie Hochzeiten und Polterabende<\/li>\n\n\n\n<li>Tanzabende mit Live-Musik<\/li>\n\n\n\n<li>Faschingsveranstaltungen<\/li>\n\n\n\n<li>Theaterauff\u00fchrungen<\/li>\n\n\n\n<li>Weihnachtsfeiern<\/li>\n\n\n\n<li>Tagungen<\/li>\n<\/ul>\n\n\n\n<figure class=\"wp-block-image alignright\"><img loading=\"lazy\" decoding=\"async\" width=\"350\" height=\"236\" src=\"https:\/\/www.soli-bischberg.de\/Soli_2025_Website\/wp-content\/uploads\/2015\/11\/3-gaststaette.jpg\" alt=\"\" class=\"wp-image-1467\" srcset=\"https:\/\/www.soli-bischberg.de\/Soli_2025_Website\/wp-content\/uploads\/2015\/11\/3-gaststaette.jpg 350w, https:\/\/www.soli-bischberg.de\/Soli_2025_Website\/wp-content\/uploads\/2015\/11\/3-gaststaette-300x202.jpg 300w\" sizes=\"auto, (max-width: 350px) 100vw, 350px\" \/><\/figure>\n\n\n\n<p><strong>Sowohl die \u00f6rtlichen Gegebenheiten als auch das Team der Solidarit\u00e4t Bischberg garantieren dabei f\u00fcr <\/strong><strong>einen reibungslosen Ablauf und ein Gelingen Ihrer Veranstaltung.<\/strong><\/p>\n\n\n\n<p>Die Bewirtung wird durch unsere Vereinsmitglieder gew\u00e4hrleistet, die weitestgehend ehrenamtlich arbeiten. Nur aus diesem Grunde k\u00f6nnen wir unsere Leistungen derart kosteng\u00fcnstig anbieten.<\/p>\n\n\n\n<h3 class=\"wp-block-heading\">Angebot f\u00fcr Ihre Feiern (z. B. Polterabend):<\/h3>\n\n\n\n<ul class=\"wp-block-list\">\n<li>Getr\u00e4nkeabnahme von Soli Bischberg<\/li>\n\n\n\n<li>Speisen frei lieferbar<\/li>\n\n\n\n<li>Endreinigung 150 \u20ac<\/li>\n<\/ul>\n\n\n\n<p class=\"has-vivid-red-color has-text-color has-link-color wp-elements-3c9912071bd8d855e798026461ace7a7\"><strong>Gerne planen wir mit Ihnen Ihr Fest \/ Ihre <a href=\"http:\/\/localhost\/wordpress\/wp-content\/uploads\/2015\/11\/2-gaststaette.jpg\"><\/a>Veranstaltung!<\/strong><\/p>\n\n\n\n<p>Bei Interesse wenden Sie sich bitte an unseren Ansprechpartner Thorsten Wagner.<br>Vereinbaren Sie einfach einen Termin mit uns \u00fcber das <a href=\"https:\/\/www.soli-bischberg.de\/?page_id=1445\">Kontaktformular<\/a>.<br><br><br><br><br><br><\/p>\n\n\n\n<p>&nbsp;<\/p>\n\n\n\n<p><\/p>\n","protected":false},"excerpt":{"rendered":"<p>Die Solidarit\u00e4t Bischberg nennt ein Anwesen mit Gastwirtschaft und dazugeh\u00f6rigem Saal mit B\u00fchne ihr Eigentum&#8230;.<\/p>\n","protected":false},"author":1,"featured_media":0,"parent":0,"menu_order":0,"comment_status":"open","ping_status":"open","template":"","meta":{"footnotes":""},"class_list":["post-1449","page","type-page","status-publish","hentry"],"_links":{"self":[{"href":"https:\/\/www.soli-bischberg.de\/index.php?rest_route=\/wp\/v2\/pages\/1449","targetHints":{"allow":["GET"]}}],"collection":[{"href":"https:\/\/www.soli-bischberg.de\/index.php?rest_route=\/wp\/v2\/pages"}],"about":[{"href":"https:\/\/www.soli-bischberg.de\/index.php?rest_route=\/wp\/v2\/types\/page"}],"author":[{"embeddable":true,"href":"https:\/\/www.soli-bischberg.de\/index.php?rest_route=\/wp\/v2\/users\/1"}],"replies":[{"embeddable":true,"href":"https:\/\/www.soli-bischberg.de\/index.php?rest_route=%2Fwp%2Fv2%2Fcomments&post=1449"}],"version-history":[{"count":11,"href":"https:\/\/www.soli-bischberg.de\/index.php?rest_route=\/wp\/v2\/pages\/1449\/revisions"}],"predecessor-version":[{"id":4021,"href":"https:\/\/www.soli-bischberg.de\/index.php?rest_route=\/wp\/v2\/pages\/1449\/revisions\/4021"}],"wp:attachment":[{"href":"https:\/\/www.soli-bischberg.de\/index.php?rest_route=%2Fwp%2Fv2%2Fmedia&parent=1449"}],"curies":[{"name":"wp","href":"https:\/\/api.w.org\/{rel}","templated":true}]}}