{"id":1443,"date":"2015-11-19T11:06:12","date_gmt":"2015-11-19T10:06:12","guid":{"rendered":"http:\/\/www.soli-bischberg.de\/soli2015website\/?page_id=1443"},"modified":"2025-12-04T12:24:24","modified_gmt":"2025-12-04T10:24:24","slug":"historie","status":"publish","type":"page","link":"https:\/\/www.soli-bischberg.de\/?page_id=1443","title":{"rendered":"Historie der Soli Bischberg"},"content":{"rendered":"\n<p>&nbsp;<\/p>\n\n\n\n<details class=\"wp-block-details is-layout-flow wp-block-details-is-layout-flow\"><summary><\/summary>\n<p><\/p>\n<\/details>\n\n\n\n<p class=\"has-large-font-size\"><mark style=\"background-color:#c25a5a\" class=\"has-inline-color\">Auszug aus der Geschichte des Radsportvereins<\/mark><br><mark style=\"background-color:#c25a5a\" class=\"has-inline-color\">Solidarit\u00e4t Bischberg 1925 e.V.<\/mark><\/p>\n\n\n<ul style=\"border-style:none;border-width:0px; padding-top:var(--wp--preset--spacing--50);padding-bottom:var(--wp--preset--spacing--50);padding-left:0;padding-right:0;margin-top:0;margin-bottom:0;margin-left:0;margin-right:0;\" class=\"wp-block-latest-posts__list has-dates wp-block-latest-posts\"><li><div class=\"wp-block-latest-posts__featured-image\"><img loading=\"lazy\" decoding=\"async\" width=\"640\" height=\"447\" src=\"https:\/\/www.soli-bischberg.de\/Soli_2025_Website\/wp-content\/uploads\/2015\/11\/Standarte.jpg\" class=\"attachment-large size-large wp-post-image\" alt=\"\" style=\"\" srcset=\"https:\/\/www.soli-bischberg.de\/Soli_2025_Website\/wp-content\/uploads\/2015\/11\/Standarte.jpg 644w, https:\/\/www.soli-bischberg.de\/Soli_2025_Website\/wp-content\/uploads\/2015\/11\/Standarte-300x210.jpg 300w\" sizes=\"auto, (max-width: 640px) 100vw, 640px\" \/><\/div><a class=\"wp-block-latest-posts__post-title\" href=\"https:\/\/www.soli-bischberg.de\/?p=1510\">1925 Gr\u00fcndung<\/a><time datetime=\"1925-06-10T13:00:00+02:00\" class=\"wp-block-latest-posts__post-date\">Juni 10, 1925<\/time><div class=\"wp-block-latest-posts__post-full-content\"><p align=\"justify\">Am 10. Juni 1925 fanden sich einige M\u00e4nner und Frauen, die gemeinsam einen Radfahrverein in Bischberg gr\u00fcndeten. Das Bestreben dieser Mitglieder war es, durch Ausfl\u00fcge mit dem Fahrrad in die n\u00e4here Umgebung, Geselligkeit und Kameradschaft im Verein mit Gleichgesinnten zu pflegen. Auch spiegelte sich die politische Gesinnung im Verein wieder. Die Solidarit\u00e4t war der Sozialdemokratie sehr zugetan und bildete das Pendant zu den Concordia Radsportvereinen.<\/p><\/div><\/li>\n<li><div class=\"wp-block-latest-posts__featured-image\"><img loading=\"lazy\" decoding=\"async\" width=\"640\" height=\"385\" src=\"https:\/\/www.soli-bischberg.de\/Soli_2025_Website\/wp-content\/uploads\/2015\/11\/Festzug-historisch.jpg\" class=\"attachment-large size-large wp-post-image\" alt=\"\" style=\"\" srcset=\"https:\/\/www.soli-bischberg.de\/Soli_2025_Website\/wp-content\/uploads\/2015\/11\/Festzug-historisch.jpg 724w, https:\/\/www.soli-bischberg.de\/Soli_2025_Website\/wp-content\/uploads\/2015\/11\/Festzug-historisch-300x181.jpg 300w\" sizes=\"auto, (max-width: 640px) 100vw, 640px\" \/><\/div><a class=\"wp-block-latest-posts__post-title\" href=\"https:\/\/www.soli-bischberg.de\/?p=1514\">1927 &#8211; 1933: von der Entstehung bis zum Verbot<\/a><time datetime=\"1927-05-19T13:05:25+02:00\" class=\"wp-block-latest-posts__post-date\">Mai 19, 1927<\/time><div class=\"wp-block-latest-posts__post-full-content\"><p align=\"justify\">Eine der ersten Anschaffungen, die man durchf\u00fchrte, war der Kauf einer Vereinsstandarte zum Preis von 195 RM. Der Gr\u00fcndungsvorstand, Thomas Burger und seine Mitglieder, lie\u00dfen auch das gesellige Leben nicht zu kurz kommen. Die erste Weihnachtsfeier erfolgte im Dezember 1927. Der Zusammenhalt der Mitglieder entsprach dem Zeitgeist. Viele Eintragungen im Kassenbuch der damaligen Zeit belegen dies. Mit den R\u00e4dern fuhr man z.B. bis nach Erlangen, um dort an Korsoveranstaltungen teilzunehmen. Der Beitrag betrug zur damaligen Zeit 50 Pfennig im Monat. Die Aufnahmegeb\u00fchr wurde mit einer Mark veranschlagt. Der kleine junge Verein unterst\u00fctzte sogar seine arbeitslosen Mitglieder und zahlte an diese monatlich bis zu 10 RM aus. Am 30. Dezember 1930 betrug der Kassenbestand 341,39 RM. Jedoch zeigten sich bereits die ersten grauen Wolken am politischen Himmel. Der H\u00f6hepunkt war die Macht\u00fcbernahme von Adolf Hitler. Dadurch brach auch f\u00fcr die Soli eine sehr schwere Zeit an. Die letzte Aufzeichnung im Kassenbuch aus dieser Zeit lautet: Beschlossen in der Sitzung am 12. M\u00e4rz 1933, genehmigt und sofort mit der Auszahlung begonnen. Was war geschehen? Die Mitglieder der Soli hatten ihr gesamtes Bargeld untereinander aufgeteilt und es so dem Zugriff Dritter entzogen. Die Standarte wurde in einem Kohlenkeller versteckt und damit vor der Zerst\u00f6rung bewahrt.<\/p><\/div><\/li>\n<li><div class=\"wp-block-latest-posts__featured-image\"><img loading=\"lazy\" decoding=\"async\" width=\"640\" height=\"446\" src=\"https:\/\/www.soli-bischberg.de\/Soli_2025_Website\/wp-content\/uploads\/2015\/11\/Ehrentafel.jpg\" class=\"attachment-large size-large wp-post-image\" alt=\"\" style=\"\" srcset=\"https:\/\/www.soli-bischberg.de\/Soli_2025_Website\/wp-content\/uploads\/2015\/11\/Ehrentafel.jpg 772w, https:\/\/www.soli-bischberg.de\/Soli_2025_Website\/wp-content\/uploads\/2015\/11\/Ehrentafel-300x209.jpg 300w, https:\/\/www.soli-bischberg.de\/Soli_2025_Website\/wp-content\/uploads\/2015\/11\/Ehrentafel-768x535.jpg 768w\" sizes=\"auto, (max-width: 640px) 100vw, 640px\" \/><\/div><a class=\"wp-block-latest-posts__post-title\" href=\"https:\/\/www.soli-bischberg.de\/?p=1517\">1947: Neugr\u00fcndung<\/a><time datetime=\"1947-03-10T13:07:14+02:00\" class=\"wp-block-latest-posts__post-date\">M\u00e4rz 10, 1947<\/time><div class=\"wp-block-latest-posts__post-full-content\">Im Jahre 1947 erlaubte die amerikanische Besatzungsmacht die Wiedergr\u00fcndung von Vereinen. Auch die ehemaligen Mitglieder der Solidarit\u00e4t schlossen sich wieder zu einem Verein zusammen. Die Satzung musste beim Landratsamt vorgelegt und von den amerikanischen Beh\u00f6rden genehmigt werden. Die Soli wurde offiziell am 19. Juli 1947 wieder gegr\u00fcndet. Die Gr\u00fcndungsversammlung fand in der Gastst\u00e4tte Dorsch, beim \u201eDorsch&#8217;n Helmer&#8220;, in Bischberg statt.<\/div><\/li>\n<li><div class=\"wp-block-latest-posts__featured-image\"><img loading=\"lazy\" decoding=\"async\" width=\"632\" height=\"450\" src=\"https:\/\/www.soli-bischberg.de\/Soli_2025_Website\/wp-content\/uploads\/2015\/11\/Radball-historisch.jpg\" class=\"attachment-large size-large wp-post-image\" alt=\"\" style=\"\" srcset=\"https:\/\/www.soli-bischberg.de\/Soli_2025_Website\/wp-content\/uploads\/2015\/11\/Radball-historisch.jpg 632w, https:\/\/www.soli-bischberg.de\/Soli_2025_Website\/wp-content\/uploads\/2015\/11\/Radball-historisch-300x214.jpg 300w\" sizes=\"auto, (max-width: 632px) 100vw, 632px\" \/><\/div><a class=\"wp-block-latest-posts__post-title\" href=\"https:\/\/www.soli-bischberg.de\/?p=1519\">Einer der erfolgreichsten Vereine<\/a><time datetime=\"1953-08-19T13:08:18+02:00\" class=\"wp-block-latest-posts__post-date\">August 19, 1953<\/time><div class=\"wp-block-latest-posts__post-full-content\"><p align=\"justify\">In diesem Jahr errang die Soli weitere hervorragende Platzierungen bei Bundesmeisterschaften. Die Soli war bundesweit einer der erfolgreichsten Vereine mit insgesamt 62 errungenen Gaumeisterschaften.<\/p><\/div><\/li>\n<li><a class=\"wp-block-latest-posts__post-title\" href=\"https:\/\/www.soli-bischberg.de\/?p=1523\">1956 \u2013 1976: Verfall und Neubeginn<\/a><time datetime=\"1956-03-20T13:11:52+02:00\" class=\"wp-block-latest-posts__post-date\">M\u00e4rz 20, 1956<\/time><div class=\"wp-block-latest-posts__post-full-content\"><p align=\"justify\">Nach erfolgreichen Jahren, wirtschaftlich wie auch sportlich, verfiel die Soli in der Folge jedoch in das Tief ihres Vereinslebens. Dies zeichnete sich bereits ab dem Jahr 1963 ab. Der freie Fall des Vereins hatte begonnen und gipfelte in der au\u00dferordentlichen Generalversammlung am 07. November 1964. Wichtigster Tagesordnungspunkt war: Verkauf der Sporthalle aufgrund erheblicher Bankverbindlichkeiten. Georg Weis war es letztendlich, der die Mitglieder \u00fcberzeugte, die Sporthalle nicht zu verkaufen und \u00fcbernahm das Amt des 1. Vorsitzenden, welches er danach 23 Jahre lang innehatte. Einige Idealisten k\u00e4mpften zusammen mit weiteren Mitgliedern um den Erhalt der Sporthalle und hatten letztendlich Erfolg.<\/p>\n<p align=\"justify\">Auch in sportlicher Hinsicht war der Verein ins Bodenlose gefallen &#8211; man hatte keine einzige Aktivit\u00e4t mehr zu verzeichnen. Dann aber kam die Wende. Erst nachdem die R\u00e4der aus dem Keller geholt und mit Schmirgelpapier entrostet worden waren, konnte unter Leitung von Heinrich Betz wieder mit dem Training begonnen werden. Ein spektakul\u00e4rer Erfolg gelang der Mannschaft Heinz Sauer\/Nikolaus Weis mit dem Aufstieg in die Bundesliga des Bundes der Solidarit\u00e4t im Jahr 1975.<\/p><\/div><\/li>\n<\/ul>\n\n\n<div class=\"wp-block-buttons is-layout-flex wp-block-buttons-is-layout-flex\"><\/div>\n\n\n\n<p><\/p>\n","protected":false},"excerpt":{"rendered":"<p>&nbsp; Auszug aus der Geschichte des RadsportvereinsSolidarit\u00e4t Bischberg 1925 e.V.<\/p>\n","protected":false},"author":1,"featured_media":0,"parent":1441,"menu_order":0,"comment_status":"open","ping_status":"open","template":"","meta":{"footnotes":""},"class_list":["post-1443","page","type-page","status-publish","hentry"],"_links":{"self":[{"href":"https:\/\/www.soli-bischberg.de\/index.php?rest_route=\/wp\/v2\/pages\/1443","targetHints":{"allow":["GET"]}}],"collection":[{"href":"https:\/\/www.soli-bischberg.de\/index.php?rest_route=\/wp\/v2\/pages"}],"about":[{"href":"https:\/\/www.soli-bischberg.de\/index.php?rest_route=\/wp\/v2\/types\/page"}],"author":[{"embeddable":true,"href":"https:\/\/www.soli-bischberg.de\/index.php?rest_route=\/wp\/v2\/users\/1"}],"replies":[{"embeddable":true,"href":"https:\/\/www.soli-bischberg.de\/index.php?rest_route=%2Fwp%2Fv2%2Fcomments&post=1443"}],"version-history":[{"count":2,"href":"https:\/\/www.soli-bischberg.de\/index.php?rest_route=\/wp\/v2\/pages\/1443\/revisions"}],"predecessor-version":[{"id":3952,"href":"https:\/\/www.soli-bischberg.de\/index.php?rest_route=\/wp\/v2\/pages\/1443\/revisions\/3952"}],"up":[{"embeddable":true,"href":"https:\/\/www.soli-bischberg.de\/index.php?rest_route=\/wp\/v2\/pages\/1441"}],"wp:attachment":[{"href":"https:\/\/www.soli-bischberg.de\/index.php?rest_route=%2Fwp%2Fv2%2Fmedia&parent=1443"}],"curies":[{"name":"wp","href":"https:\/\/api.w.org\/{rel}","templated":true}]}}